{"id":305,"date":"2021-12-02T02:02:00","date_gmt":"2021-12-02T01:02:00","guid":{"rendered":"https:\/\/quiropracticocastelldefels.es\/jake-de-graaf\/"},"modified":"2021-12-02T02:02:00","modified_gmt":"2021-12-02T01:02:00","slug":"jake-de-graaf","status":"publish","type":"page","link":"https:\/\/quiropracticocastelldefels.es\/en\/jake-de-graaf\/","title":{"rendered":"Jake De Graaf"},"content":{"rendered":"\t\t<div data-elementor-type=\"wp-page\" data-elementor-id=\"305\" class=\"elementor elementor-305 elementor-169\">\n\t\t\t\t\t\t\t\t\t<section class=\"ob-is-breaking-bad elementor-section elementor-top-section elementor-element elementor-element-7738375 elementor-section-boxed elementor-section-height-default elementor-section-height-default\" data-id=\"7738375\" data-element_type=\"section\" data-settings=\"{&quot;shape_divider_top&quot;:&quot;opacity-tilt&quot;,&quot;_ob_bbad_use_it&quot;:&quot;yes&quot;,&quot;_ob_bbad_sssic_use&quot;:&quot;no&quot;}\">\n\t\t\t\t\t<div class=\"elementor-shape elementor-shape-top\" data-negative=\"false\">\n\t\t\t<svg xmlns=\"http:\/\/www.w3.org\/2000\/svg\" viewBox=\"0 0 2600 131.1\" preserveAspectRatio=\"none\">\n\t<path class=\"elementor-shape-fill\" d=\"M0 0L2600 0 2600 69.1 0 0z\"\/>\n\t<path class=\"elementor-shape-fill\" style=\"opacity:0.5\" d=\"M0 0L2600 0 2600 69.1 0 69.1z\"\/>\n\t<path class=\"elementor-shape-fill\" style=\"opacity:0.25\" d=\"M2600 0L0 0 0 130.1 2600 69.1z\"\/>\n<\/svg>\t\t<\/div>\n\t\t\t\t\t<div class=\"elementor-container elementor-column-gap-default\">\n\t\t\t\t\t<div class=\"elementor-column elementor-col-50 elementor-top-column elementor-element elementor-element-8bd3d97 elementor-invisible\" data-id=\"8bd3d97\" data-element_type=\"column\" data-settings=\"{&quot;background_background&quot;:&quot;classic&quot;,&quot;animation&quot;:&quot;fadeInLeft&quot;,&quot;animation_tablet&quot;:&quot;fadeInRight&quot;,&quot;animation_mobile&quot;:&quot;fadeInUp&quot;,&quot;_ob_bbad_is_stalker&quot;:&quot;no&quot;}\">\n\t\t\t<div class=\"elementor-widget-wrap elementor-element-populated\">\n\t\t\t\t\t\t\t\t<div class=\"elementor-element elementor-element-138faff elementor-widget elementor-widget-spacer\" data-id=\"138faff\" data-element_type=\"widget\" data-widget_type=\"spacer.default\">\n\t\t\t\t<div class=\"elementor-widget-container\">\n\t\t\t\t\t<div class=\"elementor-spacer\">\n\t\t\t<div class=\"elementor-spacer-inner\"><\/div>\n\t\t<\/div>\n\t\t\t\t<\/div>\n\t\t\t\t<\/div>\n\t\t\t\t\t<\/div>\n\t\t<\/div>\n\t\t\t\t<div class=\"elementor-column elementor-col-50 elementor-top-column elementor-element elementor-element-f8fe46e\" data-id=\"f8fe46e\" data-element_type=\"column\" data-settings=\"{&quot;_ob_bbad_is_stalker&quot;:&quot;no&quot;}\">\n\t\t\t<div class=\"elementor-widget-wrap elementor-element-populated\">\n\t\t\t\t\t\t\t\t<div class=\"elementor-element elementor-element-ccbbe7a elementor-widget elementor-widget-heading\" data-id=\"ccbbe7a\" data-element_type=\"widget\" data-widget_type=\"heading.default\">\n\t\t\t\t<div class=\"elementor-widget-container\">\n\t\t\t<h1 class=\"elementor-heading-title elementor-size-default\">JAKE DE GRAAF<\/h1>\t\t<\/div>\n\t\t\t\t<\/div>\n\t\t\t\t<div class=\"elementor-element elementor-element-e3ba87a elementor-widget elementor-widget-spacer\" data-id=\"e3ba87a\" data-element_type=\"widget\" data-widget_type=\"spacer.default\">\n\t\t\t\t<div class=\"elementor-widget-container\">\n\t\t\t\t\t<div class=\"elementor-spacer\">\n\t\t\t<div class=\"elementor-spacer-inner\"><\/div>\n\t\t<\/div>\n\t\t\t\t<\/div>\n\t\t\t\t<\/div>\n\t\t\t\t<div class=\"elementor-element elementor-element-8c0c894 elementor-widget elementor-widget-text-editor\" data-id=\"8c0c894\" data-element_type=\"widget\" data-settings=\"{&quot;_ob_postman_use&quot;:&quot;no&quot;}\" data-widget_type=\"text-editor.default\">\n\t\t\t\t<div class=\"elementor-widget-container\">\n\t\t\t\t\t\t\t<p>Hi, my name is Jake. I was born in South Africa, where I have always practiced sports. Thanks to chiropractic, I have been able to play at the top level.<\/p>\n<p>As I understood that chiropractic was beneficial for my health, I decided to travel to the United States and study at the Life University of Atlanta in order to pursue my vocation: help people improve their health and quality of life by means of chiropractic.<\/p>\n<p>I have lived in Barcelona for 22 years and I opened up my practice in Castelldefels 20 years ago. Previously, l had my clinic in London, where I worked for 2 years. I also worked as a chiropractor in Ireland and Malta.<\/p>\n<p>With respect to my personal life, I love doing sports, fishing, spending time with my family and friends, and enjoying nature.<\/p>\n\t\t\t\t\t\t<\/div>\n\t\t\t\t<\/div>\n\t\t\t\t<div class=\"elementor-element elementor-element-1ae05d9 elementor-widget elementor-widget-spacer\" data-id=\"1ae05d9\" data-element_type=\"widget\" data-widget_type=\"spacer.default\">\n\t\t\t\t<div class=\"elementor-widget-container\">\n\t\t\t\t\t<div class=\"elementor-spacer\">\n\t\t\t<div class=\"elementor-spacer-inner\"><\/div>\n\t\t<\/div>\n\t\t\t\t<\/div>\n\t\t\t\t<\/div>\n\t\t\t\t<div class=\"elementor-element elementor-element-df63706 elementor-widget elementor-widget-heading\" data-id=\"df63706\" data-element_type=\"widget\" data-widget_type=\"heading.default\">\n\t\t\t\t<div class=\"elementor-widget-container\">\n\t\t\t<h2 class=\"elementor-heading-title elementor-size-default\">Qualifications:<\/h2>\t\t<\/div>\n\t\t\t\t<\/div>\n\t\t\t\t<div class=\"elementor-element elementor-element-552eb39 elementor-widget elementor-widget-spacer\" data-id=\"552eb39\" data-element_type=\"widget\" data-widget_type=\"spacer.default\">\n\t\t\t\t<div class=\"elementor-widget-container\">\n\t\t\t\t\t<div class=\"elementor-spacer\">\n\t\t\t<div class=\"elementor-spacer-inner\"><\/div>\n\t\t<\/div>\n\t\t\t\t<\/div>\n\t\t\t\t<\/div>\n\t\t\t\t<div class=\"elementor-element elementor-element-17241da elementor-tablet-align-left elementor-widget-tablet__width-initial elementor-icon-list--layout-traditional elementor-list-item-link-full_width elementor-widget elementor-widget-icon-list\" data-id=\"17241da\" data-element_type=\"widget\" data-widget_type=\"icon-list.default\">\n\t\t\t\t<div class=\"elementor-widget-container\">\n\t\t\t\t\t<ul class=\"elementor-icon-list-items\">\n\t\t\t\t\t\t\t<li class=\"elementor-icon-list-item\">\n\t\t\t\t\t\t\t\t\t\t\t<span class=\"elementor-icon-list-icon\">\n\t\t\t\t\t\t\t<svg aria-hidden=\"true\" class=\"e-font-icon-svg e-fas-circle\" viewBox=\"0 0 512 512\" xmlns=\"http:\/\/www.w3.org\/2000\/svg\"><path d=\"M256 8C119 8 8 119 8 256s111 248 248 248 248-111 248-248S393 8 256 8z\"><\/path><\/svg>\t\t\t\t\t\t<\/span>\n\t\t\t\t\t\t\t\t\t\t<span class=\"elementor-icon-list-text\">Doctor of Chiropractic (Life University, USA).<\/span>\n\t\t\t\t\t\t\t\t\t<\/li>\n\t\t\t\t\t\t\t\t<li class=\"elementor-icon-list-item\">\n\t\t\t\t\t\t\t\t\t\t\t<span class=\"elementor-icon-list-icon\">\n\t\t\t\t\t\t\t<svg aria-hidden=\"true\" class=\"e-font-icon-svg e-fas-circle\" viewBox=\"0 0 512 512\" xmlns=\"http:\/\/www.w3.org\/2000\/svg\"><path d=\"M256 8C119 8 8 119 8 256s111 248 248 248 248-111 248-248S393 8 256 8z\"><\/path><\/svg>\t\t\t\t\t\t<\/span>\n\t\t\t\t\t\t\t\t\t\t<span class=\"elementor-icon-list-text\">Bachelor of Science (USA).<\/span>\n\t\t\t\t\t\t\t\t\t<\/li>\n\t\t\t\t\t\t\t\t<li class=\"elementor-icon-list-item\">\n\t\t\t\t\t\t\t\t\t\t\t<span class=\"elementor-icon-list-icon\">\n\t\t\t\t\t\t\t<svg aria-hidden=\"true\" class=\"e-font-icon-svg e-fas-circle\" viewBox=\"0 0 512 512\" xmlns=\"http:\/\/www.w3.org\/2000\/svg\"><path d=\"M256 8C119 8 8 119 8 256s111 248 248 248 248-111 248-248S393 8 256 8z\"><\/path><\/svg>\t\t\t\t\t\t<\/span>\n\t\t\t\t\t\t\t\t\t\t<span class=\"elementor-icon-list-text\">Member of the Spanish Chiropractic Association, AEQ.<\/span>\n\t\t\t\t\t\t\t\t\t<\/li>\n\t\t\t\t\t\t\t\t<li class=\"elementor-icon-list-item\">\n\t\t\t\t\t\t\t\t\t\t\t<span class=\"elementor-icon-list-icon\">\n\t\t\t\t\t\t\t<svg aria-hidden=\"true\" class=\"e-font-icon-svg e-fas-circle\" viewBox=\"0 0 512 512\" xmlns=\"http:\/\/www.w3.org\/2000\/svg\"><path d=\"M256 8C119 8 8 119 8 256s111 248 248 248 248-111 248-248S393 8 256 8z\"><\/path><\/svg>\t\t\t\t\t\t<\/span>\n\t\t\t\t\t\t\t\t\t\t<span class=\"elementor-icon-list-text\">Member of the Catalonia Board of Physical Therapists.<\/span>\n\t\t\t\t\t\t\t\t\t<\/li>\n\t\t\t\t\t\t\t\t<li class=\"elementor-icon-list-item\">\n\t\t\t\t\t\t\t\t\t\t\t<span class=\"elementor-icon-list-icon\">\n\t\t\t\t\t\t\t<svg aria-hidden=\"true\" class=\"e-font-icon-svg e-fas-circle\" viewBox=\"0 0 512 512\" xmlns=\"http:\/\/www.w3.org\/2000\/svg\"><path d=\"M256 8C119 8 8 119 8 256s111 248 248 248 248-111 248-248S393 8 256 8z\"><\/path><\/svg>\t\t\t\t\t\t<\/span>\n\t\t\t\t\t\t\t\t\t\t<span class=\"elementor-icon-list-text\">I have 22 years of experience as a chiropractor.<\/span>\n\t\t\t\t\t\t\t\t\t<\/li>\n\t\t\t\t\t\t<\/ul>\n\t\t\t\t<\/div>\n\t\t\t\t<\/div>\n\t\t\t\t\t<\/div>\n\t\t<\/div>\n\t\t\t\t\t\t\t<\/div>\n\t\t<\/section>\n\t\t\t\t\t\t\t<\/div>\n\t\t","protected":false},"excerpt":{"rendered":"<p>JAKE DE GRAAF Hi, my name is Jake. I was born in South Africa, where I have always practiced sports. Thanks to chiropractic, I have been able to play at the top level. As I understood that chiropractic was beneficial for my health, I decided to travel to the United States and study at the [&hellip;]<\/p>\n","protected":false},"author":1,"featured_media":0,"parent":0,"menu_order":0,"comment_status":"closed","ping_status":"closed","template":"elementor_header_footer","meta":{"inline_featured_image":false,"_joinchat":[],"footnotes":""},"class_list":["post-305","page","type-page","status-publish","hentry"],"yoast_head":"<!-- This site is optimized with the Yoast SEO plugin v27.5 - https:\/\/yoast.com\/product\/yoast-seo-wordpress\/ -->\n<title>Jake De Graaf - Centro Quiropr\u00e1ctico Castelldefels<\/title>\n<meta name=\"robots\" content=\"index, follow, max-snippet:-1, max-image-preview:large, max-video-preview:-1\" \/>\n<link rel=\"canonical\" href=\"https:\/\/quiropracticocastelldefels.es\/en\/jake-de-graaf\/\" \/>\n<meta property=\"og:locale\" content=\"en_US\" \/>\n<meta property=\"og:type\" content=\"article\" \/>\n<meta property=\"og:title\" content=\"Jake De Graaf - Centro Quiropr\u00e1ctico Castelldefels\" \/>\n<meta property=\"og:description\" content=\"JAKE DE GRAAF Hi, my name is Jake. I was born in South Africa, where I have always practiced sports. Thanks to chiropractic, I have been able to play at the top level. As I understood that chiropractic was beneficial for my health, I decided to travel to the United States and study at the [&hellip;]\" \/>\n<meta property=\"og:url\" content=\"https:\/\/quiropracticocastelldefels.es\/en\/jake-de-graaf\/\" \/>\n<meta property=\"og:site_name\" content=\"Centro Quiropr\u00e1ctico Castelldefels\" \/>\n<meta name=\"twitter:card\" content=\"summary_large_image\" \/>\n<meta name=\"twitter:label1\" content=\"Est. reading time\" \/>\n\t<meta name=\"twitter:data1\" content=\"1 minute\" \/>\n<script type=\"application\/ld+json\" class=\"yoast-schema-graph\">{\"@context\":\"https:\\\/\\\/schema.org\",\"@graph\":[{\"@type\":\"WebPage\",\"@id\":\"https:\\\/\\\/quiropracticocastelldefels.es\\\/en\\\/jake-de-graaf\\\/\",\"url\":\"https:\\\/\\\/quiropracticocastelldefels.es\\\/en\\\/jake-de-graaf\\\/\",\"name\":\"Jake De Graaf - Centro Quiropr\u00e1ctico Castelldefels\",\"isPartOf\":{\"@id\":\"https:\\\/\\\/quiropracticocastelldefels.es\\\/en\\\/#website\"},\"datePublished\":\"2021-12-02T01:02:00+00:00\",\"breadcrumb\":{\"@id\":\"https:\\\/\\\/quiropracticocastelldefels.es\\\/en\\\/jake-de-graaf\\\/#breadcrumb\"},\"inLanguage\":\"en-US\",\"potentialAction\":[{\"@type\":\"ReadAction\",\"target\":[\"https:\\\/\\\/quiropracticocastelldefels.es\\\/en\\\/jake-de-graaf\\\/\"]}]},{\"@type\":\"BreadcrumbList\",\"@id\":\"https:\\\/\\\/quiropracticocastelldefels.es\\\/en\\\/jake-de-graaf\\\/#breadcrumb\",\"itemListElement\":[{\"@type\":\"ListItem\",\"position\":1,\"name\":\"Portada\",\"item\":\"https:\\\/\\\/quiropracticocastelldefels.es\\\/en\\\/\"},{\"@type\":\"ListItem\",\"position\":2,\"name\":\"Jake De Graaf\"}]},{\"@type\":\"WebSite\",\"@id\":\"https:\\\/\\\/quiropracticocastelldefels.es\\\/en\\\/#website\",\"url\":\"https:\\\/\\\/quiropracticocastelldefels.es\\\/en\\\/\",\"name\":\"Centro Quiropr\u00e1ctico Castelldefels\",\"description\":\"Logra salud y bienestar con Castelldefels Chiropractic Center. M\u00e1s de 20 a\u00f1os tratando pacientes.\",\"publisher\":{\"@id\":\"https:\\\/\\\/quiropracticocastelldefels.es\\\/en\\\/#organization\"},\"potentialAction\":[{\"@type\":\"SearchAction\",\"target\":{\"@type\":\"EntryPoint\",\"urlTemplate\":\"https:\\\/\\\/quiropracticocastelldefels.es\\\/en\\\/?s={search_term_string}\"},\"query-input\":{\"@type\":\"PropertyValueSpecification\",\"valueRequired\":true,\"valueName\":\"search_term_string\"}}],\"inLanguage\":\"en-US\"},{\"@type\":\"Organization\",\"@id\":\"https:\\\/\\\/quiropracticocastelldefels.es\\\/en\\\/#organization\",\"name\":\"CASTELLDEFELS\",\"url\":\"https:\\\/\\\/quiropracticocastelldefels.es\\\/en\\\/\",\"logo\":{\"@type\":\"ImageObject\",\"inLanguage\":\"en-US\",\"@id\":\"https:\\\/\\\/quiropracticocastelldefels.es\\\/en\\\/#\\\/schema\\\/logo\\\/image\\\/\",\"url\":\"https:\\\/\\\/quiropracticocastelldefels.es\\\/wp-content\\\/uploads\\\/2021\\\/12\\\/logo-castelldefels.svg\",\"contentUrl\":\"https:\\\/\\\/quiropracticocastelldefels.es\\\/wp-content\\\/uploads\\\/2021\\\/12\\\/logo-castelldefels.svg\",\"width\":499,\"height\":94,\"caption\":\"CASTELLDEFELS\"},\"image\":{\"@id\":\"https:\\\/\\\/quiropracticocastelldefels.es\\\/en\\\/#\\\/schema\\\/logo\\\/image\\\/\"}}]}<\/script>\n<!-- \/ Yoast SEO plugin. -->","yoast_head_json":{"title":"Jake De Graaf - Centro Quiropr\u00e1ctico Castelldefels","robots":{"index":"index","follow":"follow","max-snippet":"max-snippet:-1","max-image-preview":"max-image-preview:large","max-video-preview":"max-video-preview:-1"},"canonical":"https:\/\/quiropracticocastelldefels.es\/en\/jake-de-graaf\/","og_locale":"en_US","og_type":"article","og_title":"Jake De Graaf - Centro Quiropr\u00e1ctico Castelldefels","og_description":"JAKE DE GRAAF Hi, my name is Jake. I was born in South Africa, where I have always practiced sports. Thanks to chiropractic, I have been able to play at the top level. As I understood that chiropractic was beneficial for my health, I decided to travel to the United States and study at the [&hellip;]","og_url":"https:\/\/quiropracticocastelldefels.es\/en\/jake-de-graaf\/","og_site_name":"Centro Quiropr\u00e1ctico Castelldefels","twitter_card":"summary_large_image","twitter_misc":{"Est. reading time":"1 minute"},"schema":{"@context":"https:\/\/schema.org","@graph":[{"@type":"WebPage","@id":"https:\/\/quiropracticocastelldefels.es\/en\/jake-de-graaf\/","url":"https:\/\/quiropracticocastelldefels.es\/en\/jake-de-graaf\/","name":"Jake De Graaf - Centro Quiropr\u00e1ctico Castelldefels","isPartOf":{"@id":"https:\/\/quiropracticocastelldefels.es\/en\/#website"},"datePublished":"2021-12-02T01:02:00+00:00","breadcrumb":{"@id":"https:\/\/quiropracticocastelldefels.es\/en\/jake-de-graaf\/#breadcrumb"},"inLanguage":"en-US","potentialAction":[{"@type":"ReadAction","target":["https:\/\/quiropracticocastelldefels.es\/en\/jake-de-graaf\/"]}]},{"@type":"BreadcrumbList","@id":"https:\/\/quiropracticocastelldefels.es\/en\/jake-de-graaf\/#breadcrumb","itemListElement":[{"@type":"ListItem","position":1,"name":"Portada","item":"https:\/\/quiropracticocastelldefels.es\/en\/"},{"@type":"ListItem","position":2,"name":"Jake De Graaf"}]},{"@type":"WebSite","@id":"https:\/\/quiropracticocastelldefels.es\/en\/#website","url":"https:\/\/quiropracticocastelldefels.es\/en\/","name":"Centro Quiropr\u00e1ctico Castelldefels","description":"Logra salud y bienestar con Castelldefels Chiropractic Center. M\u00e1s de 20 a\u00f1os tratando pacientes.","publisher":{"@id":"https:\/\/quiropracticocastelldefels.es\/en\/#organization"},"potentialAction":[{"@type":"SearchAction","target":{"@type":"EntryPoint","urlTemplate":"https:\/\/quiropracticocastelldefels.es\/en\/?s={search_term_string}"},"query-input":{"@type":"PropertyValueSpecification","valueRequired":true,"valueName":"search_term_string"}}],"inLanguage":"en-US"},{"@type":"Organization","@id":"https:\/\/quiropracticocastelldefels.es\/en\/#organization","name":"CASTELLDEFELS","url":"https:\/\/quiropracticocastelldefels.es\/en\/","logo":{"@type":"ImageObject","inLanguage":"en-US","@id":"https:\/\/quiropracticocastelldefels.es\/en\/#\/schema\/logo\/image\/","url":"https:\/\/quiropracticocastelldefels.es\/wp-content\/uploads\/2021\/12\/logo-castelldefels.svg","contentUrl":"https:\/\/quiropracticocastelldefels.es\/wp-content\/uploads\/2021\/12\/logo-castelldefels.svg","width":499,"height":94,"caption":"CASTELLDEFELS"},"image":{"@id":"https:\/\/quiropracticocastelldefels.es\/en\/#\/schema\/logo\/image\/"}}]}},"_links":{"self":[{"href":"https:\/\/quiropracticocastelldefels.es\/en\/wp-json\/wp\/v2\/pages\/305","targetHints":{"allow":["GET"]}}],"collection":[{"href":"https:\/\/quiropracticocastelldefels.es\/en\/wp-json\/wp\/v2\/pages"}],"about":[{"href":"https:\/\/quiropracticocastelldefels.es\/en\/wp-json\/wp\/v2\/types\/page"}],"author":[{"embeddable":true,"href":"https:\/\/quiropracticocastelldefels.es\/en\/wp-json\/wp\/v2\/users\/1"}],"replies":[{"embeddable":true,"href":"https:\/\/quiropracticocastelldefels.es\/en\/wp-json\/wp\/v2\/comments?post=305"}],"version-history":[{"count":0,"href":"https:\/\/quiropracticocastelldefels.es\/en\/wp-json\/wp\/v2\/pages\/305\/revisions"}],"wp:attachment":[{"href":"https:\/\/quiropracticocastelldefels.es\/en\/wp-json\/wp\/v2\/media?parent=305"}],"curies":[{"name":"wp","href":"https:\/\/api.w.org\/{rel}","templated":true}]}}