{"id":310,"date":"2021-12-02T02:08:31","date_gmt":"2021-12-02T01:08:31","guid":{"rendered":"https:\/\/quiropracticocastelldefels.es\/contact\/"},"modified":"2021-12-02T02:08:31","modified_gmt":"2021-12-02T01:08:31","slug":"contact","status":"publish","type":"page","link":"https:\/\/quiropracticocastelldefels.es\/en\/contact\/","title":{"rendered":"Contact"},"content":{"rendered":"\t\t<div data-elementor-type=\"wp-page\" data-elementor-id=\"310\" class=\"elementor elementor-310 elementor-269\">\n\t\t\t\t\t\t\t\t\t<section class=\"ob-is-breaking-bad elementor-section elementor-top-section elementor-element elementor-element-5ba8b2f elementor-section-boxed elementor-section-height-default elementor-section-height-default\" data-id=\"5ba8b2f\" data-element_type=\"section\" data-settings=\"{&quot;shape_divider_top&quot;:&quot;opacity-tilt&quot;,&quot;_ob_bbad_use_it&quot;:&quot;yes&quot;,&quot;_ob_bbad_sssic_use&quot;:&quot;no&quot;}\">\n\t\t\t\t\t<div class=\"elementor-shape elementor-shape-top\" data-negative=\"false\">\n\t\t\t<svg xmlns=\"http:\/\/www.w3.org\/2000\/svg\" viewBox=\"0 0 2600 131.1\" preserveAspectRatio=\"none\">\n\t<path class=\"elementor-shape-fill\" d=\"M0 0L2600 0 2600 69.1 0 0z\"\/>\n\t<path class=\"elementor-shape-fill\" style=\"opacity:0.5\" d=\"M0 0L2600 0 2600 69.1 0 69.1z\"\/>\n\t<path class=\"elementor-shape-fill\" style=\"opacity:0.25\" d=\"M2600 0L0 0 0 130.1 2600 69.1z\"\/>\n<\/svg>\t\t<\/div>\n\t\t\t\t\t<div class=\"elementor-container elementor-column-gap-default\">\n\t\t\t\t\t<div class=\"elementor-column elementor-col-100 elementor-top-column elementor-element elementor-element-f07c486 elementor-invisible\" data-id=\"f07c486\" data-element_type=\"column\" data-settings=\"{&quot;animation&quot;:&quot;zoomIn&quot;,&quot;_ob_bbad_is_stalker&quot;:&quot;no&quot;}\">\n\t\t\t<div class=\"elementor-widget-wrap elementor-element-populated\">\n\t\t\t\t\t\t\t\t<div class=\"elementor-element elementor-element-3cb696b elementor-widget elementor-widget-google_maps\" data-id=\"3cb696b\" data-element_type=\"widget\" data-widget_type=\"google_maps.default\">\n\t\t\t\t<div class=\"elementor-widget-container\">\n\t\t\t\t\t<div class=\"elementor-custom-embed\">\n\t\t\t<iframe frameborder=\"0\" scrolling=\"no\" marginheight=\"0\" marginwidth=\"0\"\n\t\t\t\t\tsrc=\"https:\/\/maps.google.com\/maps?q=Centro%20Quiropr%C3%A1ctico%20Castelldefels&#038;t=m&#038;z=16&#038;output=embed&#038;iwloc=near\"\n\t\t\t\t\ttitle=\"Centro Quiropr\u00e1ctico Castelldefels\"\n\t\t\t\t\taria-label=\"Centro Quiropr\u00e1ctico Castelldefels\"\n\t\t\t><\/iframe>\n\t\t<\/div>\n\t\t\t\t<\/div>\n\t\t\t\t<\/div>\n\t\t\t\t\t<\/div>\n\t\t<\/div>\n\t\t\t\t\t\t\t<\/div>\n\t\t<\/section>\n\t\t\t\t\t\t\t<\/div>\n\t\t","protected":false},"excerpt":{"rendered":"","protected":false},"author":1,"featured_media":0,"parent":0,"menu_order":0,"comment_status":"closed","ping_status":"closed","template":"elementor_header_footer","meta":{"inline_featured_image":false,"_joinchat":[],"footnotes":""},"class_list":["post-310","page","type-page","status-publish","hentry"],"yoast_head":"<!-- This site is optimized with the Yoast SEO plugin v27.4 - https:\/\/yoast.com\/product\/yoast-seo-wordpress\/ -->\n<title>Contact - Centro Quiropr\u00e1ctico Castelldefels<\/title>\n<meta name=\"robots\" content=\"index, follow, max-snippet:-1, max-image-preview:large, max-video-preview:-1\" \/>\n<link rel=\"canonical\" href=\"https:\/\/quiropracticocastelldefels.es\/en\/contact\/\" \/>\n<meta property=\"og:locale\" content=\"en_US\" \/>\n<meta property=\"og:type\" content=\"article\" \/>\n<meta property=\"og:title\" content=\"Contact - Centro Quiropr\u00e1ctico Castelldefels\" \/>\n<meta property=\"og:url\" content=\"https:\/\/quiropracticocastelldefels.es\/en\/contact\/\" \/>\n<meta property=\"og:site_name\" content=\"Centro Quiropr\u00e1ctico Castelldefels\" \/>\n<meta name=\"twitter:card\" content=\"summary_large_image\" \/>\n<script type=\"application\/ld+json\" class=\"yoast-schema-graph\">{\"@context\":\"https:\\\/\\\/schema.org\",\"@graph\":[{\"@type\":\"WebPage\",\"@id\":\"https:\\\/\\\/quiropracticocastelldefels.es\\\/en\\\/contact\\\/\",\"url\":\"https:\\\/\\\/quiropracticocastelldefels.es\\\/en\\\/contact\\\/\",\"name\":\"Contact - Centro Quiropr\u00e1ctico Castelldefels\",\"isPartOf\":{\"@id\":\"https:\\\/\\\/quiropracticocastelldefels.es\\\/en\\\/#website\"},\"datePublished\":\"2021-12-02T01:08:31+00:00\",\"breadcrumb\":{\"@id\":\"https:\\\/\\\/quiropracticocastelldefels.es\\\/en\\\/contact\\\/#breadcrumb\"},\"inLanguage\":\"en-US\",\"potentialAction\":[{\"@type\":\"ReadAction\",\"target\":[\"https:\\\/\\\/quiropracticocastelldefels.es\\\/en\\\/contact\\\/\"]}]},{\"@type\":\"BreadcrumbList\",\"@id\":\"https:\\\/\\\/quiropracticocastelldefels.es\\\/en\\\/contact\\\/#breadcrumb\",\"itemListElement\":[{\"@type\":\"ListItem\",\"position\":1,\"name\":\"Portada\",\"item\":\"https:\\\/\\\/quiropracticocastelldefels.es\\\/en\\\/\"},{\"@type\":\"ListItem\",\"position\":2,\"name\":\"Contact\"}]},{\"@type\":\"WebSite\",\"@id\":\"https:\\\/\\\/quiropracticocastelldefels.es\\\/en\\\/#website\",\"url\":\"https:\\\/\\\/quiropracticocastelldefels.es\\\/en\\\/\",\"name\":\"Centro Quiropr\u00e1ctico Castelldefels\",\"description\":\"Logra salud y bienestar con Castelldefels Chiropractic Center. M\u00e1s de 20 a\u00f1os tratando pacientes.\",\"publisher\":{\"@id\":\"https:\\\/\\\/quiropracticocastelldefels.es\\\/en\\\/#organization\"},\"potentialAction\":[{\"@type\":\"SearchAction\",\"target\":{\"@type\":\"EntryPoint\",\"urlTemplate\":\"https:\\\/\\\/quiropracticocastelldefels.es\\\/en\\\/?s={search_term_string}\"},\"query-input\":{\"@type\":\"PropertyValueSpecification\",\"valueRequired\":true,\"valueName\":\"search_term_string\"}}],\"inLanguage\":\"en-US\"},{\"@type\":\"Organization\",\"@id\":\"https:\\\/\\\/quiropracticocastelldefels.es\\\/en\\\/#organization\",\"name\":\"CASTELLDEFELS\",\"url\":\"https:\\\/\\\/quiropracticocastelldefels.es\\\/en\\\/\",\"logo\":{\"@type\":\"ImageObject\",\"inLanguage\":\"en-US\",\"@id\":\"https:\\\/\\\/quiropracticocastelldefels.es\\\/en\\\/#\\\/schema\\\/logo\\\/image\\\/\",\"url\":\"https:\\\/\\\/quiropracticocastelldefels.es\\\/wp-content\\\/uploads\\\/2021\\\/12\\\/logo-castelldefels.svg\",\"contentUrl\":\"https:\\\/\\\/quiropracticocastelldefels.es\\\/wp-content\\\/uploads\\\/2021\\\/12\\\/logo-castelldefels.svg\",\"width\":499,\"height\":94,\"caption\":\"CASTELLDEFELS\"},\"image\":{\"@id\":\"https:\\\/\\\/quiropracticocastelldefels.es\\\/en\\\/#\\\/schema\\\/logo\\\/image\\\/\"}}]}<\/script>\n<!-- \/ Yoast SEO plugin. -->","yoast_head_json":{"title":"Contact - Centro Quiropr\u00e1ctico Castelldefels","robots":{"index":"index","follow":"follow","max-snippet":"max-snippet:-1","max-image-preview":"max-image-preview:large","max-video-preview":"max-video-preview:-1"},"canonical":"https:\/\/quiropracticocastelldefels.es\/en\/contact\/","og_locale":"en_US","og_type":"article","og_title":"Contact - Centro Quiropr\u00e1ctico Castelldefels","og_url":"https:\/\/quiropracticocastelldefels.es\/en\/contact\/","og_site_name":"Centro Quiropr\u00e1ctico Castelldefels","twitter_card":"summary_large_image","schema":{"@context":"https:\/\/schema.org","@graph":[{"@type":"WebPage","@id":"https:\/\/quiropracticocastelldefels.es\/en\/contact\/","url":"https:\/\/quiropracticocastelldefels.es\/en\/contact\/","name":"Contact - Centro Quiropr\u00e1ctico Castelldefels","isPartOf":{"@id":"https:\/\/quiropracticocastelldefels.es\/en\/#website"},"datePublished":"2021-12-02T01:08:31+00:00","breadcrumb":{"@id":"https:\/\/quiropracticocastelldefels.es\/en\/contact\/#breadcrumb"},"inLanguage":"en-US","potentialAction":[{"@type":"ReadAction","target":["https:\/\/quiropracticocastelldefels.es\/en\/contact\/"]}]},{"@type":"BreadcrumbList","@id":"https:\/\/quiropracticocastelldefels.es\/en\/contact\/#breadcrumb","itemListElement":[{"@type":"ListItem","position":1,"name":"Portada","item":"https:\/\/quiropracticocastelldefels.es\/en\/"},{"@type":"ListItem","position":2,"name":"Contact"}]},{"@type":"WebSite","@id":"https:\/\/quiropracticocastelldefels.es\/en\/#website","url":"https:\/\/quiropracticocastelldefels.es\/en\/","name":"Centro Quiropr\u00e1ctico Castelldefels","description":"Logra salud y bienestar con Castelldefels Chiropractic Center. M\u00e1s de 20 a\u00f1os tratando pacientes.","publisher":{"@id":"https:\/\/quiropracticocastelldefels.es\/en\/#organization"},"potentialAction":[{"@type":"SearchAction","target":{"@type":"EntryPoint","urlTemplate":"https:\/\/quiropracticocastelldefels.es\/en\/?s={search_term_string}"},"query-input":{"@type":"PropertyValueSpecification","valueRequired":true,"valueName":"search_term_string"}}],"inLanguage":"en-US"},{"@type":"Organization","@id":"https:\/\/quiropracticocastelldefels.es\/en\/#organization","name":"CASTELLDEFELS","url":"https:\/\/quiropracticocastelldefels.es\/en\/","logo":{"@type":"ImageObject","inLanguage":"en-US","@id":"https:\/\/quiropracticocastelldefels.es\/en\/#\/schema\/logo\/image\/","url":"https:\/\/quiropracticocastelldefels.es\/wp-content\/uploads\/2021\/12\/logo-castelldefels.svg","contentUrl":"https:\/\/quiropracticocastelldefels.es\/wp-content\/uploads\/2021\/12\/logo-castelldefels.svg","width":499,"height":94,"caption":"CASTELLDEFELS"},"image":{"@id":"https:\/\/quiropracticocastelldefels.es\/en\/#\/schema\/logo\/image\/"}}]}},"_links":{"self":[{"href":"https:\/\/quiropracticocastelldefels.es\/en\/wp-json\/wp\/v2\/pages\/310","targetHints":{"allow":["GET"]}}],"collection":[{"href":"https:\/\/quiropracticocastelldefels.es\/en\/wp-json\/wp\/v2\/pages"}],"about":[{"href":"https:\/\/quiropracticocastelldefels.es\/en\/wp-json\/wp\/v2\/types\/page"}],"author":[{"embeddable":true,"href":"https:\/\/quiropracticocastelldefels.es\/en\/wp-json\/wp\/v2\/users\/1"}],"replies":[{"embeddable":true,"href":"https:\/\/quiropracticocastelldefels.es\/en\/wp-json\/wp\/v2\/comments?post=310"}],"version-history":[{"count":0,"href":"https:\/\/quiropracticocastelldefels.es\/en\/wp-json\/wp\/v2\/pages\/310\/revisions"}],"wp:attachment":[{"href":"https:\/\/quiropracticocastelldefels.es\/en\/wp-json\/wp\/v2\/media?parent=310"}],"curies":[{"name":"wp","href":"https:\/\/api.w.org\/{rel}","templated":true}]}}